{"id":1448,"date":"2025-01-23T10:08:02","date_gmt":"2025-01-23T09:08:02","guid":{"rendered":"https:\/\/reforest.sk\/?post_type=product&#038;p=1448"},"modified":"2025-10-15T08:46:53","modified_gmt":"2025-10-15T06:46:53","slug":"drevena-jedalenska-stolicka","status":"publish","type":"product","link":"https:\/\/reforest.sk\/en\/produkt\/drevena-jedalenska-stolicka\/","title":{"rendered":"Dreven\u00e1 jed\u00e1lensk\u00e1 stoli\u010dka dubov\u00e1"},"content":{"rendered":"<p>H\u013ead\u00e1te kvalitn\u00fa dubov\u00fa jed\u00e1lensk\u00fa stoli\u010dku, ktor\u00e1 je kr\u00e1sna, pevn\u00e1 a praktick\u00e1? T\u00e1to stoli\u010dka z dreva je ide\u00e1lnou vo\u013ebou pre ka\u017ed\u00fa dom\u00e1cnos\u0165. Jej jednoduch\u00fd, ale elegantn\u00fd dizajn sa hod\u00ed do ka\u017ed\u00e9ho interi\u00e9ru \u2013 od modern\u00e9ho a\u017e po rustik\u00e1lny.<\/p>\n<p>Vynik\u00e1 pevnou kon\u0161trukciou a stabilitou, v\u010faka \u010domu vydr\u017e\u00ed ka\u017edodenn\u00e9 pou\u017e\u00edvanie. \u010ci u\u017e ju vyu\u017eijete na rodinn\u00e9 ve\u010dere, nede\u013en\u00e9 obedy alebo pr\u00edjemn\u00e9 chv\u00edle pri k\u00e1ve, poskytne v\u00e1m pohodln\u00e9 a pr\u00edjemn\u00e9 sedenie. Pr\u00edrodn\u00e9 dubov\u00e9 drevo jej navy\u0161e dod\u00e1va jedine\u010dn\u00fd vzh\u013ead, ktor\u00fd vnesie do va\u0161ej jed\u00e1lne teplo.<\/p>\n<p>Nezme\u0161kajte pr\u00edle\u017eitos\u0165 obohati\u0165 svoj domov o dreven\u00fa jed\u00e1lensk\u00fa stoli\u010dku, ktor\u00e1 kombinuje funk\u010dnos\u0165 a kr\u00e1su. Objednajte si ju e\u0161te dnes a spravte zo svojej jed\u00e1lne \u0161t\u00fdlov\u00e9 a pohodln\u00e9 miesto!<\/p>\n","protected":false},"excerpt":{"rendered":"<p>H\u013ead\u00e1te kvalitn\u00fa dubov\u00fa jed\u00e1lensk\u00fa stoli\u010dku, ktor\u00e1 je kr\u00e1sna, pevn\u00e1 a praktick\u00e1? T\u00e1to stoli\u010dka z dreva je ide\u00e1lnou vo\u013ebou pre ka\u017ed\u00fa<\/p>\n","protected":false},"featured_media":1480,"template":"","meta":{"_acf_changed":false,"inline_featured_image":false},"product_cat":[94],"product_tag":[],"class_list":{"0":"post-1448","1":"product","2":"type-product","3":"status-publish","4":"has-post-thumbnail","6":"product_cat-drevene-stolicky","8":"first","9":"instock","10":"taxable","11":"shipping-taxable","12":"product-type-simple"},"acf":[],"yoast_head":"<!-- This site is optimized with the Yoast SEO plugin v23.6 - https:\/\/yoast.com\/wordpress\/plugins\/seo\/ -->\n<title>Dreven\u00e1 jed\u00e1lensk\u00e1 stoli\u010dka dubov\u00e1 | Reforest<\/title>\n<meta name=\"robots\" content=\"index, follow, max-snippet:-1, max-image-preview:large, max-video-preview:-1\" \/>\n<link rel=\"canonical\" href=\"https:\/\/reforest.sk\/en\/produkt\/drevena-jedalenska-stolicka\/\" \/>\n<meta property=\"og:locale\" content=\"en_US\" \/>\n<meta property=\"og:type\" content=\"article\" \/>\n<meta property=\"og:title\" content=\"Dreven\u00e1 jed\u00e1lensk\u00e1 stoli\u010dka dubov\u00e1 | Reforest\" \/>\n<meta property=\"og:description\" content=\"H\u013ead\u00e1te kvalitn\u00fa dubov\u00fa jed\u00e1lensk\u00fa stoli\u010dku, ktor\u00e1 je kr\u00e1sna, pevn\u00e1 a praktick\u00e1? T\u00e1to stoli\u010dka z dreva je ide\u00e1lnou vo\u013ebou pre ka\u017ed\u00fa\" \/>\n<meta property=\"og:url\" content=\"https:\/\/reforest.sk\/en\/produkt\/drevena-jedalenska-stolicka\/\" \/>\n<meta property=\"og:site_name\" content=\"Reforest\" \/>\n<meta property=\"article:modified_time\" content=\"2025-10-15T06:46:53+00:00\" \/>\n<meta property=\"og:image\" content=\"https:\/\/reforest.sk\/refo\/wp-content\/uploads\/2025\/01\/Refores-sk-Drevena-jedalenska-stolicka-7.png\" \/>\n\t<meta property=\"og:image:width\" content=\"2560\" \/>\n\t<meta property=\"og:image:height\" content=\"1707\" \/>\n\t<meta property=\"og:image:type\" content=\"image\/png\" \/>\n<meta name=\"twitter:card\" content=\"summary_large_image\" \/>\n<meta name=\"twitter:label1\" content=\"Est. reading time\" \/>\n\t<meta name=\"twitter:data1\" content=\"1 minute\" \/>\n<script type=\"application\/ld+json\" class=\"yoast-schema-graph\">{\"@context\":\"https:\/\/schema.org\",\"@graph\":[{\"@type\":\"WebPage\",\"@id\":\"https:\/\/reforest.sk\/en\/produkt\/drevena-jedalenska-stolicka\/\",\"url\":\"https:\/\/reforest.sk\/en\/produkt\/drevena-jedalenska-stolicka\/\",\"name\":\"Dreven\u00e1 jed\u00e1lensk\u00e1 stoli\u010dka dubov\u00e1 | Reforest\",\"isPartOf\":{\"@id\":\"https:\/\/reforest.sk\/en\/#website\"},\"primaryImageOfPage\":{\"@id\":\"https:\/\/reforest.sk\/en\/produkt\/drevena-jedalenska-stolicka\/#primaryimage\"},\"image\":{\"@id\":\"https:\/\/reforest.sk\/en\/produkt\/drevena-jedalenska-stolicka\/#primaryimage\"},\"thumbnailUrl\":\"https:\/\/reforest.sk\/wp-content\/uploads\/2025\/01\/Refores-sk-Drevena-jedalenska-stolicka-7.png\",\"datePublished\":\"2025-01-23T09:08:02+00:00\",\"dateModified\":\"2025-10-15T06:46:53+00:00\",\"breadcrumb\":{\"@id\":\"https:\/\/reforest.sk\/en\/produkt\/drevena-jedalenska-stolicka\/#breadcrumb\"},\"inLanguage\":\"en-US\",\"potentialAction\":[{\"@type\":\"ReadAction\",\"target\":[\"https:\/\/reforest.sk\/en\/produkt\/drevena-jedalenska-stolicka\/\"]}]},{\"@type\":\"ImageObject\",\"inLanguage\":\"en-US\",\"@id\":\"https:\/\/reforest.sk\/en\/produkt\/drevena-jedalenska-stolicka\/#primaryimage\",\"url\":\"https:\/\/reforest.sk\/wp-content\/uploads\/2025\/01\/Refores-sk-Drevena-jedalenska-stolicka-7.png\",\"contentUrl\":\"https:\/\/reforest.sk\/wp-content\/uploads\/2025\/01\/Refores-sk-Drevena-jedalenska-stolicka-7.png\",\"width\":2560,\"height\":1707},{\"@type\":\"BreadcrumbList\",\"@id\":\"https:\/\/reforest.sk\/en\/produkt\/drevena-jedalenska-stolicka\/#breadcrumb\",\"itemListElement\":[{\"@type\":\"ListItem\",\"position\":1,\"name\":\"Domovsk\u00e1 str\u00e1nka\",\"item\":\"https:\/\/reforest.sk\/en\/\"},{\"@type\":\"ListItem\",\"position\":2,\"name\":\"Products\",\"item\":\"https:\/\/reforest.sk\/en\/products\/\"},{\"@type\":\"ListItem\",\"position\":3,\"name\":\"Dreven\u00e1 jed\u00e1lensk\u00e1 stoli\u010dka dubov\u00e1\"}]},{\"@type\":\"WebSite\",\"@id\":\"https:\/\/reforest.sk\/en\/#website\",\"url\":\"https:\/\/reforest.sk\/en\/\",\"name\":\"Reforest\",\"description\":\"Handcraft, design and sustainability in one touch.\",\"potentialAction\":[{\"@type\":\"SearchAction\",\"target\":{\"@type\":\"EntryPoint\",\"urlTemplate\":\"https:\/\/reforest.sk\/en\/?s={search_term_string}\"},\"query-input\":{\"@type\":\"PropertyValueSpecification\",\"valueRequired\":true,\"valueName\":\"search_term_string\"}}],\"inLanguage\":\"en-US\"}]}<\/script>\n<!-- \/ Yoast SEO plugin. -->","yoast_head_json":{"title":"Dreven\u00e1 jed\u00e1lensk\u00e1 stoli\u010dka dubov\u00e1 | Reforest","robots":{"index":"index","follow":"follow","max-snippet":"max-snippet:-1","max-image-preview":"max-image-preview:large","max-video-preview":"max-video-preview:-1"},"canonical":"https:\/\/reforest.sk\/en\/produkt\/drevena-jedalenska-stolicka\/","og_locale":"en_US","og_type":"article","og_title":"Dreven\u00e1 jed\u00e1lensk\u00e1 stoli\u010dka dubov\u00e1 | Reforest","og_description":"H\u013ead\u00e1te kvalitn\u00fa dubov\u00fa jed\u00e1lensk\u00fa stoli\u010dku, ktor\u00e1 je kr\u00e1sna, pevn\u00e1 a praktick\u00e1? T\u00e1to stoli\u010dka z dreva je ide\u00e1lnou vo\u013ebou pre ka\u017ed\u00fa","og_url":"https:\/\/reforest.sk\/en\/produkt\/drevena-jedalenska-stolicka\/","og_site_name":"Reforest","article_modified_time":"2025-10-15T06:46:53+00:00","og_image":[{"width":2560,"height":1707,"url":"https:\/\/reforest.sk\/refo\/wp-content\/uploads\/2025\/01\/Refores-sk-Drevena-jedalenska-stolicka-7.png","type":"image\/png"}],"twitter_card":"summary_large_image","twitter_misc":{"Est. reading time":"1 minute"},"schema":{"@context":"https:\/\/schema.org","@graph":[{"@type":"WebPage","@id":"https:\/\/reforest.sk\/en\/produkt\/drevena-jedalenska-stolicka\/","url":"https:\/\/reforest.sk\/en\/produkt\/drevena-jedalenska-stolicka\/","name":"Dreven\u00e1 jed\u00e1lensk\u00e1 stoli\u010dka dubov\u00e1 | Reforest","isPartOf":{"@id":"https:\/\/reforest.sk\/en\/#website"},"primaryImageOfPage":{"@id":"https:\/\/reforest.sk\/en\/produkt\/drevena-jedalenska-stolicka\/#primaryimage"},"image":{"@id":"https:\/\/reforest.sk\/en\/produkt\/drevena-jedalenska-stolicka\/#primaryimage"},"thumbnailUrl":"https:\/\/reforest.sk\/wp-content\/uploads\/2025\/01\/Refores-sk-Drevena-jedalenska-stolicka-7.png","datePublished":"2025-01-23T09:08:02+00:00","dateModified":"2025-10-15T06:46:53+00:00","breadcrumb":{"@id":"https:\/\/reforest.sk\/en\/produkt\/drevena-jedalenska-stolicka\/#breadcrumb"},"inLanguage":"en-US","potentialAction":[{"@type":"ReadAction","target":["https:\/\/reforest.sk\/en\/produkt\/drevena-jedalenska-stolicka\/"]}]},{"@type":"ImageObject","inLanguage":"en-US","@id":"https:\/\/reforest.sk\/en\/produkt\/drevena-jedalenska-stolicka\/#primaryimage","url":"https:\/\/reforest.sk\/wp-content\/uploads\/2025\/01\/Refores-sk-Drevena-jedalenska-stolicka-7.png","contentUrl":"https:\/\/reforest.sk\/wp-content\/uploads\/2025\/01\/Refores-sk-Drevena-jedalenska-stolicka-7.png","width":2560,"height":1707},{"@type":"BreadcrumbList","@id":"https:\/\/reforest.sk\/en\/produkt\/drevena-jedalenska-stolicka\/#breadcrumb","itemListElement":[{"@type":"ListItem","position":1,"name":"Domovsk\u00e1 str\u00e1nka","item":"https:\/\/reforest.sk\/en\/"},{"@type":"ListItem","position":2,"name":"Products","item":"https:\/\/reforest.sk\/en\/products\/"},{"@type":"ListItem","position":3,"name":"Dreven\u00e1 jed\u00e1lensk\u00e1 stoli\u010dka dubov\u00e1"}]},{"@type":"WebSite","@id":"https:\/\/reforest.sk\/en\/#website","url":"https:\/\/reforest.sk\/en\/","name":"Reforest","description":"Handcraft, design and sustainability in one touch.","potentialAction":[{"@type":"SearchAction","target":{"@type":"EntryPoint","urlTemplate":"https:\/\/reforest.sk\/en\/?s={search_term_string}"},"query-input":{"@type":"PropertyValueSpecification","valueRequired":true,"valueName":"search_term_string"}}],"inLanguage":"en-US"}]}},"_links":{"self":[{"href":"https:\/\/reforest.sk\/en\/wp-json\/wp\/v2\/product\/1448","targetHints":{"allow":["GET"]}}],"collection":[{"href":"https:\/\/reforest.sk\/en\/wp-json\/wp\/v2\/product"}],"about":[{"href":"https:\/\/reforest.sk\/en\/wp-json\/wp\/v2\/types\/product"}],"wp:featuredmedia":[{"embeddable":true,"href":"https:\/\/reforest.sk\/en\/wp-json\/wp\/v2\/media\/1480"}],"wp:attachment":[{"href":"https:\/\/reforest.sk\/en\/wp-json\/wp\/v2\/media?parent=1448"}],"wp:term":[{"taxonomy":"product_cat","embeddable":true,"href":"https:\/\/reforest.sk\/en\/wp-json\/wp\/v2\/product_cat?post=1448"},{"taxonomy":"product_tag","embeddable":true,"href":"https:\/\/reforest.sk\/en\/wp-json\/wp\/v2\/product_tag?post=1448"}],"curies":[{"name":"wp","href":"https:\/\/api.w.org\/{rel}","templated":true}]}}