{"id":1613,"date":"2025-04-28T09:42:51","date_gmt":"2025-04-28T07:42:51","guid":{"rendered":"https:\/\/reforest.sk\/?post_type=product&#038;p=1613"},"modified":"2025-11-26T09:38:39","modified_gmt":"2025-11-26T08:38:39","slug":"oliver","status":"publish","type":"product","link":"https:\/\/reforest.sk\/en\/produkt\/oliver\/","title":{"rendered":"Oliver"},"content":{"rendered":"<p class=\"\" data-start=\"152\" data-end=\"387\">H\u013ead\u00e1te nie\u010do v\u00fdnimo\u010dn\u00e9? Konferen\u010dn\u00fd stol\u00edk Oliver sp\u00e1ja kr\u00e1su mas\u00edvneho dreva a modern\u00fd dizajn epoxidu do jedine\u010dn\u00e9ho celku, ktor\u00fd o\u017eiv\u00ed ka\u017ed\u00fd priestor. <a href=\"https:\/\/reforest.sk\/kategoria-produktu\/konferencny-stolik\/\">Ka\u017ed\u00fd stol\u00edk je ru\u010dne vyr\u00e1ban\u00fd<\/a> a origin\u00e1lny \u2013 neexistuj\u00fa dva \u00faplne rovnak\u00e9 k\u00fasky.<\/p>\n<p class=\"\" data-start=\"107\" data-end=\"518\">Pri v\u00fdrobe stol\u00edka Oliver db\u00e1me na v\u00fdber t\u00fdch najkvalitnej\u0161\u00edch materi\u00e1lov. Doska je vyroben\u00e1 zo vz\u00e1cneho olivov\u00e9ho dreva, poch\u00e1dzaj\u00faceho z viac ako 1000 rokov starej olivy z Talianska, a podno\u017e tvor\u00ed stabiln\u00e1 oce\u013eov\u00e1 kon\u0161trukcia. Ka\u017ed\u00fd stol\u00edk je navrhnut\u00fd tak, aby svoj\u00edm vzh\u013eadom dokonale zapadol do v\u00e1\u0161ho interi\u00e9ru \u2013 \u010di u\u017e preferujete modern\u00fd minimalizmus, industri\u00e1lny \u0161t\u00fdl alebo teplo pr\u00edrodn\u00fdch materi\u00e1lov.<\/p>\n<p class=\"\" data-start=\"520\" data-end=\"723\">Stol\u00edk Oliver nie je len kus n\u00e1bytku, ale skuto\u010dn\u00e1 invest\u00edcia do priestoru, ktor\u00fd m\u00e1 du\u0161u. V\u010faka spojeniu starobyl\u00e9ho dreva a modernej ocele v sebe nesie pr\u00edbeh, ktor\u00fd bude vo va\u0161ej dom\u00e1cnosti \u017ei\u0165 \u010falej.<\/p>\n","protected":false},"excerpt":{"rendered":"<p>H\u013ead\u00e1te nie\u010do v\u00fdnimo\u010dn\u00e9? Konferen\u010dn\u00fd stol\u00edk Oliver sp\u00e1ja kr\u00e1su mas\u00edvneho dreva a modern\u00fd dizajn epoxidu do jedine\u010dn\u00e9ho celku, ktor\u00fd o\u017eiv\u00ed ka\u017ed\u00fd<\/p>\n","protected":false},"featured_media":1626,"template":"","meta":{"_acf_changed":false,"inline_featured_image":false},"product_cat":[19,86,87,85,88],"product_tag":[26,27],"class_list":{"0":"post-1613","1":"product","2":"type-product","3":"status-publish","4":"has-post-thumbnail","6":"product_cat-konferencny-stolik","7":"product_cat-dizajnove-konferencne-stoliky","8":"product_cat-dubove-konferencne-stoliky","9":"product_cat-luxusne-konferencne-stoliky","10":"product_cat-moderne-konferencne-stoliky","11":"product_tag-prototyp","12":"product_tag-skladom","14":"first","15":"instock","16":"sale","17":"taxable","18":"shipping-taxable","19":"product-type-simple"},"acf":[],"yoast_head":"<!-- This site is optimized with the Yoast SEO plugin v23.6 - https:\/\/yoast.com\/wordpress\/plugins\/seo\/ -->\n<title>Konferen\u010dn\u00fd dreven\u00fd stol\u00edk Oliver | Reforest<\/title>\n<meta name=\"description\" content=\"Konferen\u010dn\u00fd stol\u00edk Oliver sp\u00e1ja kr\u00e1su mas\u00edvneho dreva a modern\u00fd dizajn epoxidu do jedine\u010dn\u00e9ho celku, ktor\u00fd o\u017eiv\u00ed ka\u017ed\u00fd priestor.\" \/>\n<meta name=\"robots\" content=\"index, follow, max-snippet:-1, max-image-preview:large, max-video-preview:-1\" \/>\n<link rel=\"canonical\" href=\"https:\/\/reforest.sk\/en\/produkt\/oliver\/\" \/>\n<meta property=\"og:locale\" content=\"en_US\" \/>\n<meta property=\"og:type\" content=\"article\" \/>\n<meta property=\"og:title\" content=\"Konferen\u010dn\u00fd dreven\u00fd stol\u00edk Oliver | Reforest\" \/>\n<meta property=\"og:description\" content=\"Konferen\u010dn\u00fd stol\u00edk Oliver sp\u00e1ja kr\u00e1su mas\u00edvneho dreva a modern\u00fd dizajn epoxidu do jedine\u010dn\u00e9ho celku, ktor\u00fd o\u017eiv\u00ed ka\u017ed\u00fd priestor.\" \/>\n<meta property=\"og:url\" content=\"https:\/\/reforest.sk\/en\/produkt\/oliver\/\" \/>\n<meta property=\"og:site_name\" content=\"Reforest\" \/>\n<meta property=\"article:modified_time\" content=\"2025-11-26T08:38:39+00:00\" \/>\n<meta property=\"og:image\" content=\"https:\/\/reforest.sk\/refo\/wp-content\/uploads\/2025\/04\/Reforest-sk-konferencny-stolik-Oliver-1-1.png\" \/>\n\t<meta property=\"og:image:width\" content=\"2560\" \/>\n\t<meta property=\"og:image:height\" content=\"1707\" \/>\n\t<meta property=\"og:image:type\" content=\"image\/png\" \/>\n<meta name=\"twitter:card\" content=\"summary_large_image\" \/>\n<meta name=\"twitter:label1\" content=\"Est. reading time\" \/>\n\t<meta name=\"twitter:data1\" content=\"1 minute\" \/>\n<script type=\"application\/ld+json\" class=\"yoast-schema-graph\">{\"@context\":\"https:\/\/schema.org\",\"@graph\":[{\"@type\":\"WebPage\",\"@id\":\"https:\/\/reforest.sk\/en\/produkt\/oliver\/\",\"url\":\"https:\/\/reforest.sk\/en\/produkt\/oliver\/\",\"name\":\"Konferen\u010dn\u00fd dreven\u00fd stol\u00edk Oliver | Reforest\",\"isPartOf\":{\"@id\":\"https:\/\/reforest.sk\/en\/#website\"},\"primaryImageOfPage\":{\"@id\":\"https:\/\/reforest.sk\/en\/produkt\/oliver\/#primaryimage\"},\"image\":{\"@id\":\"https:\/\/reforest.sk\/en\/produkt\/oliver\/#primaryimage\"},\"thumbnailUrl\":\"https:\/\/reforest.sk\/wp-content\/uploads\/2025\/04\/Reforest-sk-konferencny-stolik-Oliver-1-1.png\",\"datePublished\":\"2025-04-28T07:42:51+00:00\",\"dateModified\":\"2025-11-26T08:38:39+00:00\",\"description\":\"Konferen\u010dn\u00fd stol\u00edk Oliver sp\u00e1ja kr\u00e1su mas\u00edvneho dreva a modern\u00fd dizajn epoxidu do jedine\u010dn\u00e9ho celku, ktor\u00fd o\u017eiv\u00ed ka\u017ed\u00fd priestor.\",\"breadcrumb\":{\"@id\":\"https:\/\/reforest.sk\/en\/produkt\/oliver\/#breadcrumb\"},\"inLanguage\":\"en-US\",\"potentialAction\":[{\"@type\":\"ReadAction\",\"target\":[\"https:\/\/reforest.sk\/en\/produkt\/oliver\/\"]}]},{\"@type\":\"ImageObject\",\"inLanguage\":\"en-US\",\"@id\":\"https:\/\/reforest.sk\/en\/produkt\/oliver\/#primaryimage\",\"url\":\"https:\/\/reforest.sk\/wp-content\/uploads\/2025\/04\/Reforest-sk-konferencny-stolik-Oliver-1-1.png\",\"contentUrl\":\"https:\/\/reforest.sk\/wp-content\/uploads\/2025\/04\/Reforest-sk-konferencny-stolik-Oliver-1-1.png\",\"width\":2560,\"height\":1707},{\"@type\":\"BreadcrumbList\",\"@id\":\"https:\/\/reforest.sk\/en\/produkt\/oliver\/#breadcrumb\",\"itemListElement\":[{\"@type\":\"ListItem\",\"position\":1,\"name\":\"Domovsk\u00e1 str\u00e1nka\",\"item\":\"https:\/\/reforest.sk\/en\/\"},{\"@type\":\"ListItem\",\"position\":2,\"name\":\"Products\",\"item\":\"https:\/\/reforest.sk\/en\/products\/\"},{\"@type\":\"ListItem\",\"position\":3,\"name\":\"Oliver\"}]},{\"@type\":\"WebSite\",\"@id\":\"https:\/\/reforest.sk\/en\/#website\",\"url\":\"https:\/\/reforest.sk\/en\/\",\"name\":\"Reforest\",\"description\":\"Handcraft, design and sustainability in one touch.\",\"potentialAction\":[{\"@type\":\"SearchAction\",\"target\":{\"@type\":\"EntryPoint\",\"urlTemplate\":\"https:\/\/reforest.sk\/en\/?s={search_term_string}\"},\"query-input\":{\"@type\":\"PropertyValueSpecification\",\"valueRequired\":true,\"valueName\":\"search_term_string\"}}],\"inLanguage\":\"en-US\"}]}<\/script>\n<!-- \/ Yoast SEO plugin. -->","yoast_head_json":{"title":"Konferen\u010dn\u00fd dreven\u00fd stol\u00edk Oliver | Reforest","description":"Konferen\u010dn\u00fd stol\u00edk Oliver sp\u00e1ja kr\u00e1su mas\u00edvneho dreva a modern\u00fd dizajn epoxidu do jedine\u010dn\u00e9ho celku, ktor\u00fd o\u017eiv\u00ed ka\u017ed\u00fd priestor.","robots":{"index":"index","follow":"follow","max-snippet":"max-snippet:-1","max-image-preview":"max-image-preview:large","max-video-preview":"max-video-preview:-1"},"canonical":"https:\/\/reforest.sk\/en\/produkt\/oliver\/","og_locale":"en_US","og_type":"article","og_title":"Konferen\u010dn\u00fd dreven\u00fd stol\u00edk Oliver | Reforest","og_description":"Konferen\u010dn\u00fd stol\u00edk Oliver sp\u00e1ja kr\u00e1su mas\u00edvneho dreva a modern\u00fd dizajn epoxidu do jedine\u010dn\u00e9ho celku, ktor\u00fd o\u017eiv\u00ed ka\u017ed\u00fd priestor.","og_url":"https:\/\/reforest.sk\/en\/produkt\/oliver\/","og_site_name":"Reforest","article_modified_time":"2025-11-26T08:38:39+00:00","og_image":[{"width":2560,"height":1707,"url":"https:\/\/reforest.sk\/refo\/wp-content\/uploads\/2025\/04\/Reforest-sk-konferencny-stolik-Oliver-1-1.png","type":"image\/png"}],"twitter_card":"summary_large_image","twitter_misc":{"Est. reading time":"1 minute"},"schema":{"@context":"https:\/\/schema.org","@graph":[{"@type":"WebPage","@id":"https:\/\/reforest.sk\/en\/produkt\/oliver\/","url":"https:\/\/reforest.sk\/en\/produkt\/oliver\/","name":"Konferen\u010dn\u00fd dreven\u00fd stol\u00edk Oliver | Reforest","isPartOf":{"@id":"https:\/\/reforest.sk\/en\/#website"},"primaryImageOfPage":{"@id":"https:\/\/reforest.sk\/en\/produkt\/oliver\/#primaryimage"},"image":{"@id":"https:\/\/reforest.sk\/en\/produkt\/oliver\/#primaryimage"},"thumbnailUrl":"https:\/\/reforest.sk\/wp-content\/uploads\/2025\/04\/Reforest-sk-konferencny-stolik-Oliver-1-1.png","datePublished":"2025-04-28T07:42:51+00:00","dateModified":"2025-11-26T08:38:39+00:00","description":"Konferen\u010dn\u00fd stol\u00edk Oliver sp\u00e1ja kr\u00e1su mas\u00edvneho dreva a modern\u00fd dizajn epoxidu do jedine\u010dn\u00e9ho celku, ktor\u00fd o\u017eiv\u00ed ka\u017ed\u00fd priestor.","breadcrumb":{"@id":"https:\/\/reforest.sk\/en\/produkt\/oliver\/#breadcrumb"},"inLanguage":"en-US","potentialAction":[{"@type":"ReadAction","target":["https:\/\/reforest.sk\/en\/produkt\/oliver\/"]}]},{"@type":"ImageObject","inLanguage":"en-US","@id":"https:\/\/reforest.sk\/en\/produkt\/oliver\/#primaryimage","url":"https:\/\/reforest.sk\/wp-content\/uploads\/2025\/04\/Reforest-sk-konferencny-stolik-Oliver-1-1.png","contentUrl":"https:\/\/reforest.sk\/wp-content\/uploads\/2025\/04\/Reforest-sk-konferencny-stolik-Oliver-1-1.png","width":2560,"height":1707},{"@type":"BreadcrumbList","@id":"https:\/\/reforest.sk\/en\/produkt\/oliver\/#breadcrumb","itemListElement":[{"@type":"ListItem","position":1,"name":"Domovsk\u00e1 str\u00e1nka","item":"https:\/\/reforest.sk\/en\/"},{"@type":"ListItem","position":2,"name":"Products","item":"https:\/\/reforest.sk\/en\/products\/"},{"@type":"ListItem","position":3,"name":"Oliver"}]},{"@type":"WebSite","@id":"https:\/\/reforest.sk\/en\/#website","url":"https:\/\/reforest.sk\/en\/","name":"Reforest","description":"Handcraft, design and sustainability in one touch.","potentialAction":[{"@type":"SearchAction","target":{"@type":"EntryPoint","urlTemplate":"https:\/\/reforest.sk\/en\/?s={search_term_string}"},"query-input":{"@type":"PropertyValueSpecification","valueRequired":true,"valueName":"search_term_string"}}],"inLanguage":"en-US"}]}},"_links":{"self":[{"href":"https:\/\/reforest.sk\/en\/wp-json\/wp\/v2\/product\/1613","targetHints":{"allow":["GET"]}}],"collection":[{"href":"https:\/\/reforest.sk\/en\/wp-json\/wp\/v2\/product"}],"about":[{"href":"https:\/\/reforest.sk\/en\/wp-json\/wp\/v2\/types\/product"}],"wp:featuredmedia":[{"embeddable":true,"href":"https:\/\/reforest.sk\/en\/wp-json\/wp\/v2\/media\/1626"}],"wp:attachment":[{"href":"https:\/\/reforest.sk\/en\/wp-json\/wp\/v2\/media?parent=1613"}],"wp:term":[{"taxonomy":"product_cat","embeddable":true,"href":"https:\/\/reforest.sk\/en\/wp-json\/wp\/v2\/product_cat?post=1613"},{"taxonomy":"product_tag","embeddable":true,"href":"https:\/\/reforest.sk\/en\/wp-json\/wp\/v2\/product_tag?post=1613"}],"curies":[{"name":"wp","href":"https:\/\/api.w.org\/{rel}","templated":true}]}}