{"id":1636,"date":"2025-04-28T09:55:21","date_gmt":"2025-04-28T07:55:21","guid":{"rendered":"https:\/\/reforest.sk\/?post_type=product&#038;p=1636"},"modified":"2025-11-26T09:34:37","modified_gmt":"2025-11-26T08:34:37","slug":"oliver-2","status":"publish","type":"product","link":"https:\/\/reforest.sk\/en\/produkt\/oliver-2\/","title":{"rendered":"Oliver 2"},"content":{"rendered":"<p class=\"\" data-start=\"320\" data-end=\"571\">Jed\u00e1lensk\u00fd st\u00f4l Oliver 2 je kombin\u00e1ciou poctiv\u00e9ho mas\u00edvneho dreva a modern\u00e9ho epoxidu, ktor\u00e1 vytv\u00e1ra jedine\u010dn\u00fd dizajn pre n\u00e1ro\u010dn\u00fdch. <a href=\"https:\/\/reforest.sk\/kategoria-produktu\/jedalensky-stol-z-masivu\/\">Ka\u017ed\u00fd kus je origin\u00e1l<\/a> a vyr\u00e1ban\u00fd ru\u010dne, s d\u00f4razom na prirodzen\u00fa kr\u00e1su dreva a elegantn\u00e9 spojenie s epoxidovou \u017eivicou.<\/p>\n<p class=\"\" data-start=\"122\" data-end=\"490\">Konkr\u00e9tny typ dreva aj epoxid s\u00fa starostlivo vyberan\u00e9 pri v\u00fdrobe, aby spolu tvorili harmonick\u00fd a v\u00fdrazn\u00fd celok. Doska stola je vyroben\u00e1 zo vz\u00e1cneho olivov\u00e9ho dreva, poch\u00e1dzaj\u00faceho z viac ako 1000 rokov starej olivy z Talianska, a podno\u017e je z pevn\u00e9ho orechov\u00e9ho dreva. Ka\u017ed\u00fd st\u00f4l je jedine\u010dn\u00fd origin\u00e1l a je k dispoz\u00edcii ako hotov\u00fd produkt, pripraven\u00fd na okam\u017eit\u00fd odber.<\/p>\n<p class=\"\" data-start=\"492\" data-end=\"657\">Oliver 2 je dominantn\u00fd prvok ka\u017ed\u00e9ho interi\u00e9ru, ktor\u00fd v sebe sp\u00e1ja pr\u00edrodn\u00fa kr\u00e1su, modern\u00fd \u0161t\u00fdl, remeseln\u00fa prec\u00edznos\u0165 a jedine\u010dn\u00fd pr\u00edbeh starobyl\u00e9ho olivov\u00e9ho dreva.<\/p>\n","protected":false},"excerpt":{"rendered":"<p>Jed\u00e1lensk\u00fd st\u00f4l Oliver 2 je kombin\u00e1ciou poctiv\u00e9ho mas\u00edvneho dreva a modern\u00e9ho epoxidu, ktor\u00e1 vytv\u00e1ra jedine\u010dn\u00fd dizajn pre n\u00e1ro\u010dn\u00fdch. Ka\u017ed\u00fd kus<\/p>\n","protected":false},"featured_media":1637,"template":"","meta":{"_acf_changed":false,"inline_featured_image":false},"product_cat":[18,92,91,89],"product_tag":[26,27],"class_list":{"0":"post-1636","1":"product","2":"type-product","3":"status-publish","4":"has-post-thumbnail","6":"product_cat-jedalensky-stol-z-masivu","7":"product_cat-jedalensky-stol-dub","8":"product_cat-luxusne-jedalenske-stoly","9":"product_cat-moderne-jedalenske-stoly","10":"product_tag-prototyp","11":"product_tag-skladom","13":"first","14":"instock","15":"sale","16":"taxable","17":"shipping-taxable","18":"product-type-simple"},"acf":[],"yoast_head":"<!-- This site is optimized with the Yoast SEO plugin v23.6 - https:\/\/yoast.com\/wordpress\/plugins\/seo\/ -->\n<title>Unik\u00e1tny jed\u00e1lensk\u00fd st\u00f4l z mas\u00edvu UOliver 2 | Reforest<\/title>\n<meta name=\"description\" content=\"Jed\u00e1lensk\u00fd st\u00f4l Oliver 2 je kombin\u00e1ciou poctiv\u00e9ho mas\u00edvneho dreva a modern\u00e9ho epoxidu, ktor\u00e1 vytv\u00e1ra jedine\u010dn\u00fd dizajn pre n\u00e1ro\u010dn\u00fdch.\" \/>\n<meta name=\"robots\" content=\"index, follow, max-snippet:-1, max-image-preview:large, max-video-preview:-1\" \/>\n<link rel=\"canonical\" href=\"https:\/\/reforest.sk\/en\/produkt\/oliver-2\/\" \/>\n<meta property=\"og:locale\" content=\"en_US\" \/>\n<meta property=\"og:type\" content=\"article\" \/>\n<meta property=\"og:title\" content=\"Unik\u00e1tny jed\u00e1lensk\u00fd st\u00f4l z mas\u00edvu UOliver 2 | Reforest\" \/>\n<meta property=\"og:description\" content=\"Jed\u00e1lensk\u00fd st\u00f4l Oliver 2 je kombin\u00e1ciou poctiv\u00e9ho mas\u00edvneho dreva a modern\u00e9ho epoxidu, ktor\u00e1 vytv\u00e1ra jedine\u010dn\u00fd dizajn pre n\u00e1ro\u010dn\u00fdch.\" \/>\n<meta property=\"og:url\" content=\"https:\/\/reforest.sk\/en\/produkt\/oliver-2\/\" \/>\n<meta property=\"og:site_name\" content=\"Reforest\" \/>\n<meta property=\"article:modified_time\" content=\"2025-11-26T08:34:37+00:00\" \/>\n<meta property=\"og:image\" content=\"https:\/\/reforest.sk\/refo\/wp-content\/uploads\/2025\/04\/Reforest-sk-jedalensky-stol-Oliver2-1.png\" \/>\n\t<meta property=\"og:image:width\" content=\"2560\" \/>\n\t<meta property=\"og:image:height\" content=\"1707\" \/>\n\t<meta property=\"og:image:type\" content=\"image\/png\" \/>\n<meta name=\"twitter:card\" content=\"summary_large_image\" \/>\n<meta name=\"twitter:label1\" content=\"Est. reading time\" \/>\n\t<meta name=\"twitter:data1\" content=\"1 minute\" \/>\n<script type=\"application\/ld+json\" class=\"yoast-schema-graph\">{\"@context\":\"https:\/\/schema.org\",\"@graph\":[{\"@type\":\"WebPage\",\"@id\":\"https:\/\/reforest.sk\/en\/produkt\/oliver-2\/\",\"url\":\"https:\/\/reforest.sk\/en\/produkt\/oliver-2\/\",\"name\":\"Unik\u00e1tny jed\u00e1lensk\u00fd st\u00f4l z mas\u00edvu UOliver 2 | Reforest\",\"isPartOf\":{\"@id\":\"https:\/\/reforest.sk\/en\/#website\"},\"primaryImageOfPage\":{\"@id\":\"https:\/\/reforest.sk\/en\/produkt\/oliver-2\/#primaryimage\"},\"image\":{\"@id\":\"https:\/\/reforest.sk\/en\/produkt\/oliver-2\/#primaryimage\"},\"thumbnailUrl\":\"https:\/\/reforest.sk\/wp-content\/uploads\/2025\/04\/Reforest-sk-jedalensky-stol-Oliver2-1.png\",\"datePublished\":\"2025-04-28T07:55:21+00:00\",\"dateModified\":\"2025-11-26T08:34:37+00:00\",\"description\":\"Jed\u00e1lensk\u00fd st\u00f4l Oliver 2 je kombin\u00e1ciou poctiv\u00e9ho mas\u00edvneho dreva a modern\u00e9ho epoxidu, ktor\u00e1 vytv\u00e1ra jedine\u010dn\u00fd dizajn pre n\u00e1ro\u010dn\u00fdch.\",\"breadcrumb\":{\"@id\":\"https:\/\/reforest.sk\/en\/produkt\/oliver-2\/#breadcrumb\"},\"inLanguage\":\"en-US\",\"potentialAction\":[{\"@type\":\"ReadAction\",\"target\":[\"https:\/\/reforest.sk\/en\/produkt\/oliver-2\/\"]}]},{\"@type\":\"ImageObject\",\"inLanguage\":\"en-US\",\"@id\":\"https:\/\/reforest.sk\/en\/produkt\/oliver-2\/#primaryimage\",\"url\":\"https:\/\/reforest.sk\/wp-content\/uploads\/2025\/04\/Reforest-sk-jedalensky-stol-Oliver2-1.png\",\"contentUrl\":\"https:\/\/reforest.sk\/wp-content\/uploads\/2025\/04\/Reforest-sk-jedalensky-stol-Oliver2-1.png\",\"width\":2560,\"height\":1707},{\"@type\":\"BreadcrumbList\",\"@id\":\"https:\/\/reforest.sk\/en\/produkt\/oliver-2\/#breadcrumb\",\"itemListElement\":[{\"@type\":\"ListItem\",\"position\":1,\"name\":\"Domovsk\u00e1 str\u00e1nka\",\"item\":\"https:\/\/reforest.sk\/en\/\"},{\"@type\":\"ListItem\",\"position\":2,\"name\":\"Products\",\"item\":\"https:\/\/reforest.sk\/en\/products\/\"},{\"@type\":\"ListItem\",\"position\":3,\"name\":\"Oliver 2\"}]},{\"@type\":\"WebSite\",\"@id\":\"https:\/\/reforest.sk\/en\/#website\",\"url\":\"https:\/\/reforest.sk\/en\/\",\"name\":\"Reforest\",\"description\":\"Handcraft, design and sustainability in one touch.\",\"potentialAction\":[{\"@type\":\"SearchAction\",\"target\":{\"@type\":\"EntryPoint\",\"urlTemplate\":\"https:\/\/reforest.sk\/en\/?s={search_term_string}\"},\"query-input\":{\"@type\":\"PropertyValueSpecification\",\"valueRequired\":true,\"valueName\":\"search_term_string\"}}],\"inLanguage\":\"en-US\"}]}<\/script>\n<!-- \/ Yoast SEO plugin. -->","yoast_head_json":{"title":"Unik\u00e1tny jed\u00e1lensk\u00fd st\u00f4l z mas\u00edvu UOliver 2 | Reforest","description":"Jed\u00e1lensk\u00fd st\u00f4l Oliver 2 je kombin\u00e1ciou poctiv\u00e9ho mas\u00edvneho dreva a modern\u00e9ho epoxidu, ktor\u00e1 vytv\u00e1ra jedine\u010dn\u00fd dizajn pre n\u00e1ro\u010dn\u00fdch.","robots":{"index":"index","follow":"follow","max-snippet":"max-snippet:-1","max-image-preview":"max-image-preview:large","max-video-preview":"max-video-preview:-1"},"canonical":"https:\/\/reforest.sk\/en\/produkt\/oliver-2\/","og_locale":"en_US","og_type":"article","og_title":"Unik\u00e1tny jed\u00e1lensk\u00fd st\u00f4l z mas\u00edvu UOliver 2 | Reforest","og_description":"Jed\u00e1lensk\u00fd st\u00f4l Oliver 2 je kombin\u00e1ciou poctiv\u00e9ho mas\u00edvneho dreva a modern\u00e9ho epoxidu, ktor\u00e1 vytv\u00e1ra jedine\u010dn\u00fd dizajn pre n\u00e1ro\u010dn\u00fdch.","og_url":"https:\/\/reforest.sk\/en\/produkt\/oliver-2\/","og_site_name":"Reforest","article_modified_time":"2025-11-26T08:34:37+00:00","og_image":[{"width":2560,"height":1707,"url":"https:\/\/reforest.sk\/refo\/wp-content\/uploads\/2025\/04\/Reforest-sk-jedalensky-stol-Oliver2-1.png","type":"image\/png"}],"twitter_card":"summary_large_image","twitter_misc":{"Est. reading time":"1 minute"},"schema":{"@context":"https:\/\/schema.org","@graph":[{"@type":"WebPage","@id":"https:\/\/reforest.sk\/en\/produkt\/oliver-2\/","url":"https:\/\/reforest.sk\/en\/produkt\/oliver-2\/","name":"Unik\u00e1tny jed\u00e1lensk\u00fd st\u00f4l z mas\u00edvu UOliver 2 | Reforest","isPartOf":{"@id":"https:\/\/reforest.sk\/en\/#website"},"primaryImageOfPage":{"@id":"https:\/\/reforest.sk\/en\/produkt\/oliver-2\/#primaryimage"},"image":{"@id":"https:\/\/reforest.sk\/en\/produkt\/oliver-2\/#primaryimage"},"thumbnailUrl":"https:\/\/reforest.sk\/wp-content\/uploads\/2025\/04\/Reforest-sk-jedalensky-stol-Oliver2-1.png","datePublished":"2025-04-28T07:55:21+00:00","dateModified":"2025-11-26T08:34:37+00:00","description":"Jed\u00e1lensk\u00fd st\u00f4l Oliver 2 je kombin\u00e1ciou poctiv\u00e9ho mas\u00edvneho dreva a modern\u00e9ho epoxidu, ktor\u00e1 vytv\u00e1ra jedine\u010dn\u00fd dizajn pre n\u00e1ro\u010dn\u00fdch.","breadcrumb":{"@id":"https:\/\/reforest.sk\/en\/produkt\/oliver-2\/#breadcrumb"},"inLanguage":"en-US","potentialAction":[{"@type":"ReadAction","target":["https:\/\/reforest.sk\/en\/produkt\/oliver-2\/"]}]},{"@type":"ImageObject","inLanguage":"en-US","@id":"https:\/\/reforest.sk\/en\/produkt\/oliver-2\/#primaryimage","url":"https:\/\/reforest.sk\/wp-content\/uploads\/2025\/04\/Reforest-sk-jedalensky-stol-Oliver2-1.png","contentUrl":"https:\/\/reforest.sk\/wp-content\/uploads\/2025\/04\/Reforest-sk-jedalensky-stol-Oliver2-1.png","width":2560,"height":1707},{"@type":"BreadcrumbList","@id":"https:\/\/reforest.sk\/en\/produkt\/oliver-2\/#breadcrumb","itemListElement":[{"@type":"ListItem","position":1,"name":"Domovsk\u00e1 str\u00e1nka","item":"https:\/\/reforest.sk\/en\/"},{"@type":"ListItem","position":2,"name":"Products","item":"https:\/\/reforest.sk\/en\/products\/"},{"@type":"ListItem","position":3,"name":"Oliver 2"}]},{"@type":"WebSite","@id":"https:\/\/reforest.sk\/en\/#website","url":"https:\/\/reforest.sk\/en\/","name":"Reforest","description":"Handcraft, design and sustainability in one touch.","potentialAction":[{"@type":"SearchAction","target":{"@type":"EntryPoint","urlTemplate":"https:\/\/reforest.sk\/en\/?s={search_term_string}"},"query-input":{"@type":"PropertyValueSpecification","valueRequired":true,"valueName":"search_term_string"}}],"inLanguage":"en-US"}]}},"_links":{"self":[{"href":"https:\/\/reforest.sk\/en\/wp-json\/wp\/v2\/product\/1636","targetHints":{"allow":["GET"]}}],"collection":[{"href":"https:\/\/reforest.sk\/en\/wp-json\/wp\/v2\/product"}],"about":[{"href":"https:\/\/reforest.sk\/en\/wp-json\/wp\/v2\/types\/product"}],"wp:featuredmedia":[{"embeddable":true,"href":"https:\/\/reforest.sk\/en\/wp-json\/wp\/v2\/media\/1637"}],"wp:attachment":[{"href":"https:\/\/reforest.sk\/en\/wp-json\/wp\/v2\/media?parent=1636"}],"wp:term":[{"taxonomy":"product_cat","embeddable":true,"href":"https:\/\/reforest.sk\/en\/wp-json\/wp\/v2\/product_cat?post=1636"},{"taxonomy":"product_tag","embeddable":true,"href":"https:\/\/reforest.sk\/en\/wp-json\/wp\/v2\/product_tag?post=1636"}],"curies":[{"name":"wp","href":"https:\/\/api.w.org\/{rel}","templated":true}]}}